{"id":2688,"date":"2023-04-24T22:16:05","date_gmt":"2023-04-24T20:16:05","guid":{"rendered":"http:\/\/benjamin-rombach.de\/?page_id=2688"},"modified":"2024-02-29T16:07:56","modified_gmt":"2024-02-29T15:07:56","slug":"impressum","status":"publish","type":"page","link":"http:\/\/benjamin-rombach.de\/?page_id=2688","title":{"rendered":"Impressum"},"content":{"rendered":"\t\t<div data-elementor-type=\"wp-page\" data-elementor-id=\"2688\" class=\"elementor elementor-2688\" data-elementor-settings=\"{&quot;ha_cmc_init_switcher&quot;:&quot;no&quot;}\">\n\t\t\t\t<div class=\"elementor-element elementor-element-edfceeb e-con-full e-flex e-con e-parent\" data-id=\"edfceeb\" data-element_type=\"container\" data-settings=\"{&quot;background_background&quot;:&quot;classic&quot;,&quot;_ha_eqh_enable&quot;:false}\">\n\t\t\t\t<div class=\"elementor-element elementor-element-753ccda elementor-widget elementor-widget-ha-navigation-menu happy-addon ha-navigation-menu\" data-id=\"753ccda\" data-element_type=\"widget\" data-widget_type=\"ha-navigation-menu.default\">\n\t\t\t\t<div class=\"elementor-widget-container\">\n\t\t\t\t\t<nav class=\"ha-nav-menu ha-navigation-menu-wrapper\"><div class=\"menu-start-menu-container\">\t\t\t\t<div class=\"ha-nav-humberger-wrapper\">\n\t\t\t\t\t<span class=\"ha-menu-open-icon ha-menu-toggler\" data-humberger=\"open\"><svg aria-hidden=\"true\" class=\"e-font-icon-svg e-fas-bars\" viewBox=\"0 0 448 512\" xmlns=\"http:\/\/www.w3.org\/2000\/svg\"><path d=\"M16 132h416c8.837 0 16-7.163 16-16V76c0-8.837-7.163-16-16-16H16C7.163 60 0 67.163 0 76v40c0 8.837 7.163 16 16 16zm0 160h416c8.837 0 16-7.163 16-16v-40c0-8.837-7.163-16-16-16H16c-8.837 0-16 7.163-16 16v40c0 8.837 7.163 16 16 16zm0 160h416c8.837 0 16-7.163 16-16v-40c0-8.837-7.163-16-16-16H16c-8.837 0-16 7.163-16 16v40c0 8.837 7.163 16 16 16z\"><\/path><\/svg><\/span>\n\t\t\t\t\t<span class=\"ha-menu-close-icon ha-menu-toggler hide-icon\" data-humberger=\"close\"><svg aria-hidden=\"true\" class=\"e-font-icon-svg e-far-window-close\" viewBox=\"0 0 512 512\" xmlns=\"http:\/\/www.w3.org\/2000\/svg\"><path d=\"M464 32H48C21.5 32 0 53.5 0 80v352c0 26.5 21.5 48 48 48h416c26.5 0 48-21.5 48-48V80c0-26.5-21.5-48-48-48zm-83.6 290.5c4.8 4.8 4.8 12.6 0 17.4l-40.5 40.5c-4.8 4.8-12.6 4.8-17.4 0L256 313.3l-66.5 67.1c-4.8 4.8-12.6 4.8-17.4 0l-40.5-40.5c-4.8-4.8-4.8-12.6 0-17.4l67.1-66.5-67.1-66.5c-4.8-4.8-4.8-12.6 0-17.4l40.5-40.5c4.8-4.8 12.6-4.8 17.4 0l66.5 67.1 66.5-67.1c4.8-4.8 12.6-4.8 17.4 0l40.5 40.5c4.8 4.8 4.8 12.6 0 17.4L313.3 256l67.1 66.5z\"><\/path><\/svg><\/span>\n\t\t\t\t<\/div>\n\t\t\t<ul id=\"menu-start-menu\" class=\"menu\"><li id=\"menu-item-2720\" class=\"menu-item menu-item-type-post_type menu-item-object-page menu-item-home\"><a href=\"http:\/\/benjamin-rombach.de\/\"><span class=\"menu-item-title\">Home<\/span><\/a><\/li>\n<li id=\"menu-item-2685\" class=\"menu-item menu-item-type-post_type menu-item-object-page\"><a href=\"http:\/\/benjamin-rombach.de\/?page_id=2684\"><span class=\"menu-item-title\">Kontakt<\/span><\/a><\/li>\n<li id=\"menu-item-2689\" class=\"menu-item menu-item-type-post_type menu-item-object-page\"><a href=\"http:\/\/benjamin-rombach.de\/?page_id=2688\"><span class=\"menu-item-title\">Impressum<\/span><\/a><\/li>\n<li id=\"menu-item-2692\" class=\"menu-item menu-item-type-post_type menu-item-object-page\"><a href=\"http:\/\/benjamin-rombach.de\/?page_id=2691\"><span class=\"menu-item-title\">Datenschutz<\/span><\/a><\/li>\n<\/ul><\/div><\/nav>\t\t\t\t<\/div>\n\t\t\t\t<\/div>\n\t\t\t\t<\/div>\n\t\t<div class=\"elementor-element elementor-element-0af4e71 e-flex e-con-boxed e-con e-parent\" data-id=\"0af4e71\" data-element_type=\"container\" data-settings=\"{&quot;background_background&quot;:&quot;classic&quot;,&quot;_ha_eqh_enable&quot;:false}\">\n\t\t\t\t\t<div class=\"e-con-inner\">\n\t\t<div class=\"elementor-element elementor-element-8ab850f e-con-full e-flex e-con e-child\" data-id=\"8ab850f\" data-element_type=\"container\" data-settings=\"{&quot;_ha_eqh_enable&quot;:false}\">\n\t\t\t\t<div class=\"elementor-element elementor-element-9887e8a elementor-widget elementor-widget-text-editor\" data-id=\"9887e8a\" data-element_type=\"widget\" data-widget_type=\"text-editor.default\">\n\t\t\t\t<div class=\"elementor-widget-container\">\n\t\t\t\t\t\t\t\t\t<div class=\"de1\">Verantwortlicher im Sinne des Telemediengesetzes:<\/div><div class=\"de1\">\u00a0<\/div><div class=\"de1\">\u00a0<\/div><p>Benjamin Rombach<br \/>Stadt Str. 39<br \/>78267 Aach<\/p><p>E-Mail:Info@Benjamin.Rombach.de<\/p><div class=\"de1\">Telefon: +49 7771 6473478<\/div><div>Mobil:\u00a0 \u00a0 +49 160 923 257 01<\/div><div class=\"de1\">\u00a0<\/div><div class=\"de1\">\u00a0<\/div><div class=\"de1\">__________________________________________________________________________________<\/div><div class=\"de1\">\u00a0<\/div><div class=\"de1\">Verantwortlich im Sinne des \u00a7 55 Abs. 2 RStV:<\/div><div class=\"de1\">\u00a0<\/div><p>Benjamin Rombach<br \/>Stadt Str. 39<br \/>78267 Aach<\/p><div class=\"de1\">E-Mail:Info@Benjamin.Rombach.de<\/div><div class=\"de1\">Telefon: +49 7771 6473478<\/div><div class=\"de1\">Mobil:\u00a0 \u00a0 +49 160 923 257 01<\/div><div class=\"de1\">__________________________________________________________________________________<\/div><div class=\"de1\"><h3>Umsatzsteuer-ID<\/h3><p>Umsatzsteuer-Identifikationsnummer gem\u00e4\u00df \u00a7 27 a Umsatzsteuergesetz:<br \/>DE361720196<\/p><p>__________________________________________________________________________________<\/p><\/div><div class=\"de1\">\u00a0<\/div><div class=\"elementor-element elementor-element-b0dce3f elementor-widget elementor-widget-text-editor\" data-id=\"b0dce3f\" data-element_type=\"widget\" data-widget_type=\"text-editor.default\"><div class=\"elementor-widget-container\"><div class=\"elementor-text-editor elementor-clearfix\"><h3>EU-Streitschlichtung<\/h3><p>Die Europ\u00e4ische Kommission stellt eine Plattform zur Online-Streitbeilegung (OS) bereit:<\/p><p><a href=\"https:\/\/ec.europa.eu\/consumers\/odr\">https:\/\/ec.europa.eu\/consumers\/odr<\/a>.<br \/>Unsere E-Mail-Adresse finden Sie oben im Impressum.<\/p><h3>Verbraucherstreitbeilegung \/ Universalschlichtungsstelle<\/h3><p>Wir sind nicht bereit oder verpflichtet, an Streitbeilegungsverfahren vor einer<br \/>Verbraucherschlichtungsstelle teilzunehmen.<\/p><h4>Haftung f\u00fcr Inhalte<\/h4><p>Als Diensteanbieter sind wir gem\u00e4\u00df \u00a7 7 Abs.1 TMG f\u00fcr eigene Inhalte auf diesen Seiten nach den<br \/>allgemeinen Gesetzen verantwortlich. Nach \u00a7\u00a7 8 bis 10 TMG sind wir als Diensteanbieter jedoch nicht<br \/>verpflichtet, \u00fcbermittelte oder gespeicherte fremde Informationen zu \u00fcberwachen oder nach Umst\u00e4nden zu<br \/>forschen, die auf eine rechtswidrige T\u00e4tigkeit hinweisen.<\/p><p>Verpflichtungen zur Entfernung oder Sperrung der Nutzung von Informationen nach den allgemeinen Gesetzen bleiben hiervon unber\u00fchrt. Eine diesbez\u00fcgliche Haftung ist jedoch erst ab dem Zeitpunkt der<br \/>Kenntnis einer konkreten Rechtsverletzung m\u00f6glich. Bei Bekanntwerden von entsprechenden<br \/>Rechtsverletzungen werden wir diese Inhalte umgehend entfernen.<\/p><\/div><\/div><\/div><div class=\"elementor-element elementor-element-eefb656 elementor-widget elementor-widget-text-editor\" data-id=\"eefb656\" data-element_type=\"widget\" data-widget_type=\"text-editor.default\"><div class=\"elementor-widget-container\"><div class=\"elementor-text-editor elementor-clearfix\">Copyright \u00a9 2023 <br \/>www.Benjamin.Rombach.de<\/div><div class=\"elementor-text-editor elementor-clearfix\"><strong>Konzeption, Gestaltung und Umsetzung<\/strong><\/div><div class=\"elementor-text-editor elementor-clearfix\">Benjamin Rombach<br \/>Stadt Str. 39<br \/>78267 Aach <br \/>E-Mail: Werbung@Benjamin-Rombach.de<\/div><\/div><\/div>\t\t\t\t\t\t\t\t<\/div>\n\t\t\t\t<\/div>\n\t\t\t\t<\/div>\n\t\t<div class=\"elementor-element elementor-element-0ae720a e-con-full e-flex e-con e-child\" data-id=\"0ae720a\" data-element_type=\"container\" data-settings=\"{&quot;_ha_eqh_enable&quot;:false}\">\n\t\t\t\t<div class=\"elementor-element elementor-element-6ea3363 elementor-widget elementor-widget-text-editor\" data-id=\"6ea3363\" data-element_type=\"widget\" data-widget_type=\"text-editor.default\">\n\t\t\t\t<div class=\"elementor-widget-container\">\n\t\t\t\t\t\t\t\t\t<h3>Cookie-Erkl\u00e4rung<\/h3><span class=\"borlabs-cookie-open-dialog-preferences brlbs-cmpnt-container\" data-borlabs-cookie-title=\"Cookie Einstellungen \u00c4ndern\" data-borlabs-cookie-type=\"button\" ><\/span><pre><code><div class=\"brlbs-cmpnt-container brlbs-cmpnt-shortcode-element\" data-borlabs-cookie-service-list><\/div><br \/><br \/><br \/><\/code><\/pre><h2>Einwilligungs-Historie<\/h2><pre><code><\/code><\/pre><pre><code><div class=\"brlbs-cmpnt-container\" data-borlabs-cookie-consent-history><\/div><\/code><\/pre><pre><code><\/code><\/pre><p><span class=\"code-example\">\u00a0<\/span><\/p><pre><code><\/code><\/pre>\t\t\t\t\t\t\t\t<\/div>\n\t\t\t\t<\/div>\n\t\t\t\t<\/div>\n\t\t\t\t\t<\/div>\n\t\t\t\t<\/div>\n\t\t\t\t<\/div>\n\t\t","protected":false},"excerpt":{"rendered":"<p>Home Kontakt Impressum Datenschutz Verantwortlicher im Sinne des Telemediengesetzes:\u00a0\u00a0 Benjamin RombachStadt Str. 3978267 Aach E-Mail:Info@Benjamin.Rombach.de Telefon: +49 7771 6473478Mobil:\u00a0 \u00a0 +49 160 923 257 01\u00a0\u00a0__________________________________________________________________________________\u00a0Verantwortlich im Sinne des \u00a7 55 Abs. 2 RStV:\u00a0 Benjamin RombachStadt Str. 3978267 Aach E-Mail:Info@Benjamin.Rombach.deTelefon: +49 7771 6473478Mobil:\u00a0 \u00a0 +49 160 923 257 01__________________________________________________________________________________ Umsatzsteuer-ID Umsatzsteuer-Identifikationsnummer gem\u00e4\u00df \u00a7 27 a Umsatzsteuergesetz:DE361720196 [&hellip;]<\/p>\n","protected":false},"author":1,"featured_media":0,"parent":0,"menu_order":0,"comment_status":"closed","ping_status":"closed","template":"elementor_canvas","meta":{"advanced_seo_description":"","jetpack_seo_html_title":"","jetpack_seo_noindex":false,"footnotes":""},"class_list":["post-2688","page","type-page","status-publish","hentry"],"jetpack_sharing_enabled":true,"_links":{"self":[{"href":"http:\/\/benjamin-rombach.de\/index.php?rest_route=\/wp\/v2\/pages\/2688","targetHints":{"allow":["GET"]}}],"collection":[{"href":"http:\/\/benjamin-rombach.de\/index.php?rest_route=\/wp\/v2\/pages"}],"about":[{"href":"http:\/\/benjamin-rombach.de\/index.php?rest_route=\/wp\/v2\/types\/page"}],"author":[{"embeddable":true,"href":"http:\/\/benjamin-rombach.de\/index.php?rest_route=\/wp\/v2\/users\/1"}],"replies":[{"embeddable":true,"href":"http:\/\/benjamin-rombach.de\/index.php?rest_route=%2Fwp%2Fv2%2Fcomments&post=2688"}],"version-history":[{"count":3,"href":"http:\/\/benjamin-rombach.de\/index.php?rest_route=\/wp\/v2\/pages\/2688\/revisions"}],"predecessor-version":[{"id":2803,"href":"http:\/\/benjamin-rombach.de\/index.php?rest_route=\/wp\/v2\/pages\/2688\/revisions\/2803"}],"wp:attachment":[{"href":"http:\/\/benjamin-rombach.de\/index.php?rest_route=%2Fwp%2Fv2%2Fmedia&parent=2688"}],"curies":[{"name":"wp","href":"https:\/\/api.w.org\/{rel}","templated":true}]}}